{"id":70,"date":"2024-05-01T10:44:42","date_gmt":"2024-05-01T10:44:42","guid":{"rendered":"https:\/\/ebvg.ch\/?page_id=70"},"modified":"2024-05-16T20:44:13","modified_gmt":"2024-05-16T20:44:13","slug":"datenschutz","status":"publish","type":"page","link":"https:\/\/www.ebvg.ch\/fr\/datenschutz","title":{"rendered":"Datenschutz"},"content":{"rendered":"<div data-elementor-type=\"wp-page\" data-elementor-id=\"70\" class=\"elementor elementor-70\">\n\t\t\t\t<div class=\"elementor-element elementor-element-ccc7cc5 e-flex e-con-boxed wpr-particle-no wpr-jarallax-no wpr-parallax-no wpr-sticky-section-no wpr-column-slider-no wpr-equal-height-no e-con e-parent\" data-id=\"ccc7cc5\" data-element_type=\"container\" data-e-type=\"container\">\n\t\t\t\t\t<div class=\"e-con-inner\">\n\t\t\t\t<div class=\"elementor-element elementor-element-2b27a18 elementor-widget elementor-widget-heading\" data-id=\"2b27a18\" data-element_type=\"widget\" data-e-type=\"widget\" data-widget_type=\"heading.default\">\n\t\t\t\t<div class=\"elementor-widget-container\">\n\t\t\t\t\t<h2 class=\"elementor-heading-title elementor-size-default\">Datenschutz (DSE)<\/h2>\t\t\t\t<\/div>\n\t\t\t\t<\/div>\n\t\t\t\t\t<\/div>\n\t\t\t\t<\/div>\n\t\t<div class=\"elementor-element elementor-element-9fca43a e-flex e-con-boxed wpr-particle-no wpr-jarallax-no wpr-parallax-no wpr-sticky-section-no wpr-column-slider-no wpr-equal-height-no e-con e-parent\" data-id=\"9fca43a\" data-element_type=\"container\" data-e-type=\"container\">\n\t\t\t\t\t<div class=\"e-con-inner\">\n\t\t\t\t<div class=\"elementor-element elementor-element-ffe7f38 elementor-widget elementor-widget-text-editor\" data-id=\"ffe7f38\" data-element_type=\"widget\" data-e-type=\"widget\" data-widget_type=\"text-editor.default\">\n\t\t\t\t<div class=\"elementor-widget-container\">\n\t\t\t\t\t\t\t\t\t<p>Mit dieser Datenschutzerkl\u00e4rung informieren wir Sie dar\u00fcber, wie wir personenbezogene Daten, die wir \u00fcber die Website\u00a0<a href=\"https:\/\/emea01.safelinks.protection.outlook.com\/?url=http%3A%2F%2Fwww.ebvg.ch%2F&amp;data=05%7C02%7C%7Cae4966d6030741804e0f08dc75bdcc5f%7C84df9e7fe9f640afb435aaaaaaaaaaaa%7C1%7C0%7C638514705242068177%7CUnknown%7CTWFpbGZsb3d8eyJWIjoiMC4wLjAwMDAiLCJQIjoiV2luMzIiLCJBTiI6Ik1haWwiLCJXVCI6Mn0%3D%7C0%7C%7C%7C&amp;sdata=tCUQ0T6cYD2o%2BhkpzStRHKef73GYvO7iK32aoSzrPUY%3D&amp;reserved=0\" target=\"_blank\" rel=\"noopener\" data-saferedirecturl=\"https:\/\/www.google.com\/url?q=https:\/\/emea01.safelinks.protection.outlook.com\/?url%3Dhttp%253A%252F%252Fwww.ebvg.ch%252F%26data%3D05%257C02%257C%257Cae4966d6030741804e0f08dc75bdcc5f%257C84df9e7fe9f640afb435aaaaaaaaaaaa%257C1%257C0%257C638514705242068177%257CUnknown%257CTWFpbGZsb3d8eyJWIjoiMC4wLjAwMDAiLCJQIjoiV2luMzIiLCJBTiI6Ik1haWwiLCJXVCI6Mn0%253D%257C0%257C%257C%257C%26sdata%3DtCUQ0T6cYD2o%252BhkpzStRHKef73GYvO7iK32aoSzrPUY%253D%26reserved%3D0&amp;source=gmail&amp;ust=1715969455016000&amp;usg=AOvVaw0MjEFvnQ0289LajF6LntGC\">www.ebvg.ch<\/a>\u00a0(Website) sowie unsere Social Media-Seite auf LinkedIn (Social Media) erhalten, erheben, bearbeiten, weitergeben, aufbewahren und sch\u00fctzen. Wir k\u00f6nnen diese Datenschutzerkl\u00e4rung von Zeit zu Zeit aktualisieren. Aus diesem Grund empfehlen wir Ihnen, sie in regelm\u00e4\u00dfigen Abst\u00e4nden zu konsultieren.<\/p><p><strong>Wer wir sind<\/strong><\/p><p>Wir sind der Verein eBVG, ein Schweizer Verein mit Sitz an der Pionierstrasse 3, CH-8405 Winterthur. Wir sind verantwortlich f\u00fcr die Datenbearbeitungen, sofern im Einzelfall nichts anderes angegeben ist.<\/p><p><strong>Wie wir personenbezogene Daten erhalten<\/strong><\/p><p>Als personenbezogene Daten gelten alle Informationen, die sich auf eine identifizierte oder identifizierbare nat\u00fcrliche Person beziehen. Wir erhalten und erheben personenbezogene Daten \u00fcber unsere Website und \u00fcber Social Media. Wir erheben personenbezogene Daten, die Sie uns freiwillig f\u00fcr die Nutzung der Website und Social Media sowie den Betrieb des Vereinsgesch\u00e4ftes (Mitgliederverwaltung, Newsletter, etc.) zur Verf\u00fcgung stellen. Website und Social Media richten sich an Personen ab 16 Jahren.<\/p><p><strong>Wie wir personenbezogene Daten bearbeiten<\/strong><\/p><p>Bearbeiten umfasst jeden Umgang mit personenbezogenen Daten, unabh\u00e4ngig von den angewendeten Mitteln und Verfahren, insbesondere das Erheben, Aufbewahren, Bekanntgeben, Verwenden, Speichern, Ver\u00e4ndern, L\u00f6schen und Vernichten. Wir bearbeiten personenbezogene Daten gem\u00e4ss dem schweizerischen Datenschutzrecht, d.h. gem\u00e4ss dem Bundesgesetz \u00fcber den Datenschutz (DSG) und seiner Verordnung (VDSG), sowie \u2013 soweit anwendbar \u2013 gem\u00e4ss dem ausl\u00e4ndischen Datenschutzrecht, d.h. insbesondere gem\u00e4\u00df der Datenschutz-Grundverordnung (DSGVO) der Europ\u00e4ischen Union (EU).<\/p><p><strong>Wer Ihre Daten bearbeitet<\/strong><\/p><p>Ihre Daten werden ausschlie\u00dflich von Mitgliedern des Vorstandes des eBVG bearbeitet. Es gibt keine anderen Personen, die auf Ihre Daten Zugriff haben, weder vereinsintern noch Dritte.<\/p><p><strong>Der Schutz Ihrer Daten ist uns sehr wichtig<\/strong><\/p><p>Wir nehmen den Schutz Ihrer pers\u00f6nlichen Daten sehr ernst. Es ist f\u00fcr uns selbstverst\u00e4ndlich, dass wir verantwortungsvoll und vertraulich damit umgehen. Ihre personenbezogenen Daten werden ausschlie\u00dflich dazu verwendet, Ihre konkrete Anfrage zu bearbeiten oder Ihre Vereinsbeziehung zu pflegen. Dabei ber\u00fccksichtigen wir alle Bestimmungen des geltenden Schweizer Datenschutzrechts. In keinem Fall werden Ihre Daten ohne Ihre explizite Einwilligung an Dritte weitergegeben oder an Dritte verkauft. Allerdings weisen wir darauf hin, dass die Daten\u00fcbertragung im Internet (z.B. E-Mail) Sicherheitsl\u00fccken aufweisen kann. Ein l\u00fcckenloser Schutz der Daten vor dem Zugriff durch Dritte kann deshalb nicht in jedem Fall gew\u00e4hrleistet werden.<\/p><p><strong>Umfang Datenerhebung und Speicherung<\/strong><\/p><p>Wenn Sie unsere Webseite besuchen, ist das Hinterlassen pers\u00f6nlicher Daten grunds\u00e4tzlich immer freiwillig. Beim Besuch unserer Website werden aber trotzdem auch unpers\u00f6nliche Nutzungsdaten gespeichert, die allerdings nicht mit Ihren pers\u00f6nlichen Daten in Zusammenhang gebracht werden k\u00f6nnen. Diese unpers\u00f6nlichen Informationen verwenden wir nur, um die Funktionsf\u00e4higkeit und Nutzerfreundlichkeit der Webseite den Bed\u00fcrfnissen der Besucher anpassen zu k\u00f6nnen.<\/p><p>F\u00fcr die Vereinsbeziehung mit dem eBVG ben\u00f6tigen wir aber auch konkrete personenbezogene Daten von Ihnen, damit wir Ihre Anfrage sachgem\u00e4ss bearbeiten k\u00f6nnen. Der Umfang der erhobenen Daten richtet sich dabei grunds\u00e4tzlich nach der Art der Interaktion, die Sie mit dem eBVG pflegen. Jedes Online-Formular kann unterschiedliche Angaben von Ihnen verlangen, die anschlie\u00dfend in unserer Mitglieder- und Lagerverwaltung gespeichert werden. Sobald die Vereinsbeziehung mit dem eBVG endet, haben Sie jederzeit das Widerrufsrecht und k\u00f6nnen die komplette L\u00f6schung der Daten verlangen. Wir beschr\u00e4nken uns bei der Erhebung der personenbezogenen Daten auf ein Minimum an bekannt zu gebenden Daten, je nachdem welchem Zweck sie gem\u00e4ss dem Online-Formular dienen. Grunds\u00e4tzlich ben\u00f6tigen wir jeweils folgende personenbezogenen Daten von Ihnen:<\/p><p>&#8211; Name, Vorname<\/p><p>&#8211; Adresse, Postleitzahl und Ort<\/p><p>&#8211; Telefonnummer(n)<\/p><p>&#8211; E-Mail<\/p><p>&#8211; Geburtsdatum (nur bei Mitglieds- oder Teilnehmeranfragen)<\/p><p>&#8211; Geschlecht (nur bei Mitglieds- oder Teilnehmeranfragen)<\/p><p><strong>Webserver und Datenspeicherung<\/strong><\/p><p>Die \u00fcber die Website erhobenen Personendaten werden bei unserem Hosting-Provider cyon GmbH, Brunng\u00e4sslein 12, 4052 Basel gespeichert und in unserem Auftrag bearbeitet. Unser Provider trifft alle angemessenen technischen und organisatorischen Massnahmen, um Ihre personenbezogenen Daten vor unberechtigtem Zugriff und Missbrauch zu sch\u00fctzen. Die Website nutzt aus Gr\u00fcnden der Sicherheit und zum Schutz der \u00dcbertragung vertraulicher Inhalte, wie zum Beispiel der Anfragen, die Sie an uns senden, eine SSL-Verschl\u00fcsselung. Eine verschl\u00fcsselte Verbindung erkennen Sie daran, dass die Adresszeile des Browsers von\u00a0<a>http:\/\/<\/a>\u00a0auf\u00a0<a>https:\/\/<\/a>\u00a0wechselt und an dem Schloss-Symbol in Ihrer Browserzeile. Wenn die SSL-Verschl\u00fcsselung aktiviert ist, k\u00f6nnen die Daten, die Sie an uns \u00fcbermitteln, nicht von Dritten mitgelesen werden.<\/p><p><strong>Cookies<\/strong><\/p><p>Wenn Sie unsere Webseite besuchen, legen wir lediglich Session-Cookies auf Ihrem Computer ab. Diese rein technischen Cookies dienen lediglich der Einstellung f\u00fcr die Ansicht der Website, wie z.B. Spaltendarstellung etc. Die Cookies f\u00fcgen Ihrem Rechner in keinem Fall Schaden zu. Diese Cookies sind zwingend notwendig, da ohne sie die Website nicht korrekt angezeigt wird. Sie sammeln aber keinerlei Nutzer- oder Nutzungsdaten auf Ihrem Rechner.<\/p><p><strong>Datenerhebung durch Nutzung von Drittanbietern<\/strong><\/p><p>Wir verzichten bewusst auf Daten-Analyse-Tools von Google Analytics, Facebook oder anderen Anbietern.<\/p><p><strong>Auskunft, L\u00f6schung, Sperrung<\/strong><\/p><p>Sie haben jederzeit das Recht auf unentgeltliche Auskunft \u00fcber Ihre gespeicherten personenbezogenen Daten und den Zweck der Datenverarbeitung. Ausserdem haben Sie jederzeit ein Recht auf Berichtigung, Sperrung oder L\u00f6schung. Die uns erteilte Einwilligung zur Datenerhebung und Verwendung k\u00f6nnen Sie zudem jederzeit widerrufen.<\/p><p><strong>Wie Sie uns kontaktieren<\/strong><\/p><p>Sie k\u00f6nnen uns jederzeit \u00fcber unser Kontaktformular erreichen, wenn Sie Fragen zum Thema \u201eDatenschutzerkl\u00e4rung (DSE)\u201c haben.<\/p>\t\t\t\t\t\t\t\t<\/div>\n\t\t\t\t<\/div>\n\t\t\t\t\t<\/div>\n\t\t\t\t<\/div>\n\t\t\t\t<\/div>","protected":false},"excerpt":{"rendered":"<p>Datenschutz (DSE) Mit dieser Datenschutzerkl\u00e4rung informieren wir Sie dar\u00fcber, wie wir personenbezogene Daten, die wir \u00fcber die Website\u00a0www.ebvg.ch\u00a0(Website) sowie unsere Social Media-Seite auf LinkedIn (Social Media) erhalten, erheben, bearbeiten, weitergeben, aufbewahren und sch\u00fctzen. Wir k\u00f6nnen diese Datenschutzerkl\u00e4rung von Zeit zu Zeit aktualisieren. Aus diesem Grund empfehlen wir Ihnen, sie in regelm\u00e4\u00dfigen Abst\u00e4nden zu konsultieren. Wer wir sind Wir sind der Verein eBVG, ein Schweizer Verein mit Sitz an der Pionierstrasse 3, CH-8405 Winterthur. Wir sind verantwortlich f\u00fcr die Datenbearbeitungen, sofern im Einzelfall nichts anderes angegeben ist. Wie wir personenbezogene Daten erhalten Als personenbezogene Daten gelten alle Informationen, die sich auf eine identifizierte oder identifizierbare nat\u00fcrliche Person beziehen. Wir erhalten und erheben personenbezogene Daten \u00fcber unsere Website und \u00fcber Social Media. Wir erheben personenbezogene Daten, die Sie uns freiwillig f\u00fcr die Nutzung der Website und Social Media sowie den Betrieb des Vereinsgesch\u00e4ftes (Mitgliederverwaltung, Newsletter, etc.) zur Verf\u00fcgung stellen. Website und Social Media richten sich an Personen ab 16 Jahren. Wie wir personenbezogene Daten bearbeiten Bearbeiten umfasst jeden Umgang mit personenbezogenen Daten, unabh\u00e4ngig von den angewendeten Mitteln und Verfahren, insbesondere das Erheben, Aufbewahren, Bekanntgeben, Verwenden, Speichern, Ver\u00e4ndern, L\u00f6schen und Vernichten. Wir bearbeiten personenbezogene Daten gem\u00e4ss dem schweizerischen Datenschutzrecht, d.h. gem\u00e4ss dem Bundesgesetz \u00fcber den Datenschutz (DSG) und seiner Verordnung (VDSG), sowie \u2013 soweit anwendbar \u2013 gem\u00e4ss dem ausl\u00e4ndischen Datenschutzrecht, d.h. insbesondere gem\u00e4\u00df der Datenschutz-Grundverordnung (DSGVO) der Europ\u00e4ischen Union (EU). Wer Ihre Daten bearbeitet Ihre Daten werden ausschlie\u00dflich von Mitgliedern des Vorstandes des eBVG bearbeitet. Es gibt keine anderen Personen, die auf Ihre Daten Zugriff haben, weder vereinsintern noch Dritte. Der Schutz Ihrer Daten ist uns sehr wichtig Wir nehmen den Schutz Ihrer pers\u00f6nlichen Daten sehr ernst. Es ist f\u00fcr uns selbstverst\u00e4ndlich, dass wir verantwortungsvoll und vertraulich damit umgehen. Ihre personenbezogenen Daten werden ausschlie\u00dflich dazu verwendet, Ihre konkrete Anfrage zu bearbeiten oder Ihre Vereinsbeziehung zu pflegen. Dabei ber\u00fccksichtigen wir alle Bestimmungen des geltenden Schweizer Datenschutzrechts. In keinem Fall werden Ihre Daten ohne Ihre explizite Einwilligung an Dritte weitergegeben oder an Dritte verkauft. Allerdings weisen wir darauf hin, dass die Daten\u00fcbertragung im Internet (z.B. E-Mail) Sicherheitsl\u00fccken aufweisen kann. Ein l\u00fcckenloser Schutz der Daten vor dem Zugriff durch Dritte kann deshalb nicht in jedem Fall gew\u00e4hrleistet werden. Umfang Datenerhebung und Speicherung Wenn Sie unsere Webseite besuchen, ist das Hinterlassen pers\u00f6nlicher Daten grunds\u00e4tzlich immer freiwillig. Beim Besuch unserer Website werden aber trotzdem auch unpers\u00f6nliche Nutzungsdaten gespeichert, die allerdings nicht mit Ihren pers\u00f6nlichen Daten in Zusammenhang gebracht werden k\u00f6nnen. Diese unpers\u00f6nlichen Informationen verwenden wir nur, um die Funktionsf\u00e4higkeit und Nutzerfreundlichkeit der Webseite den Bed\u00fcrfnissen der Besucher anpassen zu k\u00f6nnen. F\u00fcr die Vereinsbeziehung mit dem eBVG ben\u00f6tigen wir aber auch konkrete personenbezogene Daten von Ihnen, damit wir Ihre Anfrage sachgem\u00e4ss bearbeiten k\u00f6nnen. Der Umfang der erhobenen Daten richtet sich dabei grunds\u00e4tzlich nach der Art der Interaktion, die Sie mit dem eBVG pflegen. Jedes Online-Formular kann unterschiedliche Angaben von Ihnen verlangen, die anschlie\u00dfend in unserer Mitglieder- und Lagerverwaltung gespeichert werden. Sobald die Vereinsbeziehung mit dem eBVG endet, haben Sie jederzeit das Widerrufsrecht und k\u00f6nnen die komplette L\u00f6schung der Daten verlangen. Wir beschr\u00e4nken uns bei der Erhebung der personenbezogenen Daten auf ein Minimum an bekannt zu gebenden Daten, je nachdem welchem Zweck sie gem\u00e4ss dem Online-Formular dienen. Grunds\u00e4tzlich ben\u00f6tigen wir jeweils folgende personenbezogenen Daten von Ihnen: &#8211; Name, Vorname &#8211; Adresse, Postleitzahl und Ort &#8211; Telefonnummer(n) &#8211; E-Mail &#8211; Geburtsdatum (nur bei Mitglieds- oder Teilnehmeranfragen) &#8211; Geschlecht (nur bei Mitglieds- oder Teilnehmeranfragen) Webserver und Datenspeicherung Die \u00fcber die Website erhobenen Personendaten werden bei unserem Hosting-Provider cyon GmbH, Brunng\u00e4sslein 12, 4052 Basel gespeichert und in unserem Auftrag bearbeitet. Unser Provider trifft alle angemessenen technischen und organisatorischen Massnahmen, um Ihre personenbezogenen Daten vor unberechtigtem Zugriff und Missbrauch zu sch\u00fctzen. Die Website nutzt aus Gr\u00fcnden der Sicherheit und zum Schutz der \u00dcbertragung vertraulicher Inhalte, wie zum Beispiel der Anfragen, die Sie an uns senden, eine SSL-Verschl\u00fcsselung. Eine verschl\u00fcsselte Verbindung erkennen Sie daran, dass die Adresszeile des Browsers von\u00a0http:\/\/\u00a0auf\u00a0https:\/\/\u00a0wechselt und an dem Schloss-Symbol in Ihrer Browserzeile. Wenn die SSL-Verschl\u00fcsselung aktiviert ist, k\u00f6nnen die Daten, die Sie an uns \u00fcbermitteln, nicht von Dritten mitgelesen werden. Cookies Wenn Sie unsere Webseite besuchen, legen wir lediglich Session-Cookies auf Ihrem Computer ab. Diese rein technischen Cookies dienen lediglich der Einstellung f\u00fcr die Ansicht der Website, wie z.B. Spaltendarstellung etc. Die Cookies f\u00fcgen Ihrem Rechner in keinem Fall Schaden zu. Diese Cookies sind zwingend notwendig, da ohne sie die Website nicht korrekt angezeigt wird. Sie sammeln aber keinerlei Nutzer- oder Nutzungsdaten auf Ihrem Rechner. Datenerhebung durch Nutzung von Drittanbietern Wir verzichten bewusst auf Daten-Analyse-Tools von Google Analytics, Facebook oder anderen Anbietern. Auskunft, L\u00f6schung, Sperrung Sie haben jederzeit das Recht auf unentgeltliche Auskunft \u00fcber Ihre gespeicherten personenbezogenen Daten und den Zweck der Datenverarbeitung. Ausserdem haben Sie jederzeit ein Recht auf Berichtigung, Sperrung oder L\u00f6schung. Die uns erteilte Einwilligung zur Datenerhebung und Verwendung k\u00f6nnen Sie zudem jederzeit widerrufen. Wie Sie uns kontaktieren Sie k\u00f6nnen uns jederzeit \u00fcber unser Kontaktformular erreichen, wenn Sie Fragen zum Thema \u201eDatenschutzerkl\u00e4rung (DSE)\u201c haben.<\/p>","protected":false},"author":1,"featured_media":0,"parent":0,"menu_order":0,"comment_status":"closed","ping_status":"closed","template":"","meta":{"ocean_post_layout":"full-screen","ocean_both_sidebars_style":"","ocean_both_sidebars_content_width":0,"ocean_both_sidebars_sidebars_width":0,"ocean_sidebar":"","ocean_second_sidebar":"","ocean_disable_margins":"on","ocean_add_body_class":"","ocean_shortcode_before_top_bar":"","ocean_shortcode_after_top_bar":"","ocean_shortcode_before_header":"","ocean_shortcode_after_header":"","ocean_has_shortcode":"","ocean_shortcode_after_title":"","ocean_shortcode_before_footer_widgets":"","ocean_shortcode_after_footer_widgets":"","ocean_shortcode_before_footer_bottom":"","ocean_shortcode_after_footer_bottom":"","ocean_display_top_bar":"default","ocean_display_header":"default","ocean_header_style":"","ocean_center_header_left_menu":"","ocean_custom_header_template":"","ocean_custom_logo":0,"ocean_custom_retina_logo":0,"ocean_custom_logo_max_width":0,"ocean_custom_logo_tablet_max_width":0,"ocean_custom_logo_mobile_max_width":0,"ocean_custom_logo_max_height":0,"ocean_custom_logo_tablet_max_height":0,"ocean_custom_logo_mobile_max_height":0,"ocean_header_custom_menu":"","ocean_menu_typo_font_family":"","ocean_menu_typo_font_subset":"","ocean_menu_typo_font_size":0,"ocean_menu_typo_font_size_tablet":0,"ocean_menu_typo_font_size_mobile":0,"ocean_menu_typo_font_size_unit":"px","ocean_menu_typo_font_weight":"","ocean_menu_typo_font_weight_tablet":"","ocean_menu_typo_font_weight_mobile":"","ocean_menu_typo_transform":"","ocean_menu_typo_transform_tablet":"","ocean_menu_typo_transform_mobile":"","ocean_menu_typo_line_height":0,"ocean_menu_typo_line_height_tablet":0,"ocean_menu_typo_line_height_mobile":0,"ocean_menu_typo_line_height_unit":"","ocean_menu_typo_spacing":0,"ocean_menu_typo_spacing_tablet":0,"ocean_menu_typo_spacing_mobile":0,"ocean_menu_typo_spacing_unit":"","ocean_menu_link_color":"","ocean_menu_link_color_hover":"","ocean_menu_link_color_active":"","ocean_menu_link_background":"","ocean_menu_link_hover_background":"","ocean_menu_link_active_background":"","ocean_menu_social_links_bg":"","ocean_menu_social_hover_links_bg":"","ocean_menu_social_links_color":"","ocean_menu_social_hover_links_color":"","ocean_disable_title":"on","ocean_disable_heading":"default","ocean_post_title":"","ocean_post_subheading":"","ocean_post_title_style":"","ocean_post_title_background_color":"","ocean_post_title_background":0,"ocean_post_title_bg_image_position":"","ocean_post_title_bg_image_attachment":"","ocean_post_title_bg_image_repeat":"","ocean_post_title_bg_image_size":"","ocean_post_title_height":0,"ocean_post_title_bg_overlay":0.5,"ocean_post_title_bg_overlay_color":"","ocean_disable_breadcrumbs":"default","ocean_breadcrumbs_color":"","ocean_breadcrumbs_separator_color":"","ocean_breadcrumbs_links_color":"","ocean_breadcrumbs_links_hover_color":"","ocean_display_footer_widgets":"default","ocean_display_footer_bottom":"default","ocean_custom_footer_template":"","footnotes":""},"class_list":["post-70","page","type-page","status-publish","hentry","entry"],"_links":{"self":[{"href":"https:\/\/www.ebvg.ch\/fr\/wp-json\/wp\/v2\/pages\/70","targetHints":{"allow":["GET"]}}],"collection":[{"href":"https:\/\/www.ebvg.ch\/fr\/wp-json\/wp\/v2\/pages"}],"about":[{"href":"https:\/\/www.ebvg.ch\/fr\/wp-json\/wp\/v2\/types\/page"}],"author":[{"embeddable":true,"href":"https:\/\/www.ebvg.ch\/fr\/wp-json\/wp\/v2\/users\/1"}],"replies":[{"embeddable":true,"href":"https:\/\/www.ebvg.ch\/fr\/wp-json\/wp\/v2\/comments?post=70"}],"version-history":[{"count":13,"href":"https:\/\/www.ebvg.ch\/fr\/wp-json\/wp\/v2\/pages\/70\/revisions"}],"predecessor-version":[{"id":1009,"href":"https:\/\/www.ebvg.ch\/fr\/wp-json\/wp\/v2\/pages\/70\/revisions\/1009"}],"wp:attachment":[{"href":"https:\/\/www.ebvg.ch\/fr\/wp-json\/wp\/v2\/media?parent=70"}],"curies":[{"name":"wp","href":"https:\/\/api.w.org\/{rel}","templated":true}]}}